{"id":818,"date":"2021-01-26T16:36:20","date_gmt":"2021-01-26T15:36:20","guid":{"rendered":"http:\/\/wp.medienschmiede.eu\/?page_id=818"},"modified":"2023-05-05T20:07:09","modified_gmt":"2023-05-05T18:07:09","slug":"kontakt","status":"publish","type":"page","link":"https:\/\/medienschmiede.eu\/index.php\/kontakt\/","title":{"rendered":"Kontakt"},"content":{"rendered":"\t\t<div data-elementor-type=\"wp-page\" data-elementor-id=\"818\" class=\"elementor elementor-818\">\n\t\t\t\t\t\t<div class=\"elementor-inner\">\n\t\t\t\t<div class=\"elementor-section-wrap\">\n\t\t\t\t\t\t\t\t\t<section class=\"elementor-section elementor-top-section elementor-element elementor-element-1fe4fb84 elementor-section-full_width elementor-section-items-bottom elementor-section-content-middle elementor-section-height-min-height elementor-section-height-default\" data-id=\"1fe4fb84\" data-element_type=\"section\" data-settings=\"{&quot;background_background&quot;:&quot;classic&quot;,&quot;shape_divider_top&quot;:&quot;triangle-asymmetrical&quot;,&quot;shape_divider_bottom&quot;:&quot;triangle-asymmetrical&quot;}\">\n\t\t\t\t\t\t\t<div class=\"elementor-background-overlay\"><\/div>\n\t\t\t\t\t\t<div class=\"elementor-shape elementor-shape-top\" data-negative=\"false\">\n\t\t\t<svg xmlns=\"http:\/\/www.w3.org\/2000\/svg\" viewBox=\"0 0 1000 100\" preserveAspectRatio=\"none\">\n\t<path class=\"elementor-shape-fill\" d=\"M738,99l262-93V0H0v5.6L738,99z\"\/>\n<\/svg>\t\t<\/div>\n\t\t\t\t<div class=\"elementor-shape elementor-shape-bottom\" data-negative=\"false\">\n\t\t\t<svg xmlns=\"http:\/\/www.w3.org\/2000\/svg\" viewBox=\"0 0 1000 100\" preserveAspectRatio=\"none\">\n\t<path class=\"elementor-shape-fill\" d=\"M738,99l262-93V0H0v5.6L738,99z\"\/>\n<\/svg>\t\t<\/div>\n\t\t\t\t\t<div class=\"elementor-container elementor-column-gap-default\">\n\t\t\t\t\t\t\t<div class=\"elementor-row\">\n\t\t\t\t\t<div class=\"elementor-column elementor-col-100 elementor-top-column elementor-element elementor-element-64a7b1f4\" data-id=\"64a7b1f4\" data-element_type=\"column\">\n\t\t\t<div class=\"elementor-column-wrap elementor-element-populated\">\n\t\t\t\t\t\t\t<div class=\"elementor-widget-wrap\">\n\t\t\t\t\t\t<div class=\"elementor-element elementor-element-1f2d7ebe elementor-widget elementor-widget-heading\" data-id=\"1f2d7ebe\" data-element_type=\"widget\" data-widget_type=\"heading.default\">\n\t\t\t\t<div class=\"elementor-widget-container\">\n\t\t\t<h1 class=\"elementor-heading-title elementor-size-default\">wir freuen uns auf Sie.<\/h1>\t\t<\/div>\n\t\t\t\t<\/div>\n\t\t\t\t\t\t<\/div>\n\t\t\t\t\t<\/div>\n\t\t<\/div>\n\t\t\t\t\t\t\t\t<\/div>\n\t\t\t\t\t<\/div>\n\t\t<\/section>\n\t\t\t\t<section class=\"elementor-section elementor-top-section elementor-element elementor-element-51051fb elementor-section-boxed elementor-section-height-default elementor-section-height-default\" data-id=\"51051fb\" data-element_type=\"section\">\n\t\t\t\t\t\t<div class=\"elementor-container elementor-column-gap-default\">\n\t\t\t\t\t\t\t<div class=\"elementor-row\">\n\t\t\t\t\t<div class=\"elementor-column elementor-col-100 elementor-top-column elementor-element elementor-element-e346fe5\" data-id=\"e346fe5\" data-element_type=\"column\">\n\t\t\t<div class=\"elementor-column-wrap elementor-element-populated\">\n\t\t\t\t\t\t\t<div class=\"elementor-widget-wrap\">\n\t\t\t\t\t\t<div class=\"elementor-element elementor-element-cba4c4f elementor-widget elementor-widget-text-editor\" data-id=\"cba4c4f\" data-element_type=\"widget\" data-widget_type=\"text-editor.default\">\n\t\t\t\t<div class=\"elementor-widget-container\">\n\t\t\t\t\t\t\t\t<div class=\"elementor-text-editor elementor-clearfix\">\n\t\t\t\t<div id=\"skills\" class=\"section page-split post-47 page type-page status-publish hentry\"><div class=\"section-wrapper block content-1170 center-relative\"><div class=\"section-content-holder float-right\"><div class=\"content-wrapper\"><h1 class=\"info-text\">Sie haben ein Projekt?<\/h1><p><strong>Wir unterst\u00fctzen Sie gerne dabei.<\/strong><\/p><div class=\"page\" title=\"Page 4\"><div class=\"layoutArea\"><div class=\"column\"><p>Wir bieten hier das komplette Leistungsspektrum an. Von einfachen Fahrzeugbeschriftungen bis hin zur Vollverklebung, sind Sie bei uns bestens aufgehoben.<br \/>Au\u00dferdem erstellen wir mit einem hochwertigen Maschinenpark Schilder im UV-Direktdruck, herk\u00f6mmlich mit Klebefolie, komplette Werbeanlagen und Leuchtbuchstaben sowie CNC-Fr\u00e4sungen aller Art.<\/p><\/div><\/div><\/div><\/div><\/div><\/div><\/div>\t\t\t\t\t<\/div>\n\t\t\t\t\t\t<\/div>\n\t\t\t\t<\/div>\n\t\t\t\t\t\t<\/div>\n\t\t\t\t\t<\/div>\n\t\t<\/div>\n\t\t\t\t\t\t\t\t<\/div>\n\t\t\t\t\t<\/div>\n\t\t<\/section>\n\t\t\t\t<section class=\"elementor-section elementor-top-section elementor-element elementor-element-31ebb44a elementor-section-boxed elementor-section-height-default elementor-section-height-default\" data-id=\"31ebb44a\" data-element_type=\"section\" data-settings=\"{&quot;background_background&quot;:&quot;classic&quot;}\">\n\t\t\t\t\t\t<div class=\"elementor-container elementor-column-gap-default\">\n\t\t\t\t\t\t\t<div class=\"elementor-row\">\n\t\t\t\t\t<div class=\"elementor-column elementor-col-50 elementor-top-column elementor-element elementor-element-22f8a804\" data-id=\"22f8a804\" data-element_type=\"column\">\n\t\t\t<div class=\"elementor-column-wrap elementor-element-populated\">\n\t\t\t\t\t\t\t<div class=\"elementor-widget-wrap\">\n\t\t\t\t\t\t<div class=\"elementor-element elementor-element-2db527b elementor-button-align-stretch elementor-widget elementor-widget-form\" data-id=\"2db527b\" data-element_type=\"widget\" data-settings=\"{&quot;step_next_label&quot;:&quot;Next&quot;,&quot;step_previous_label&quot;:&quot;Previous&quot;,&quot;button_width&quot;:&quot;100&quot;,&quot;step_type&quot;:&quot;number_text&quot;,&quot;step_icon_shape&quot;:&quot;circle&quot;}\" data-widget_type=\"form.default\">\n\t\t\t\t<div class=\"elementor-widget-container\">\n\t\t\t\t\t<form class=\"elementor-form\" method=\"post\" name=\"New Form\">\n\t\t\t<input type=\"hidden\" name=\"post_id\" value=\"818\"\/>\n\t\t\t<input type=\"hidden\" name=\"form_id\" value=\"2db527b\"\/>\n\t\t\t<input type=\"hidden\" name=\"referer_title\" value=\"medienschmiede GmbH &#8211; Ihr Werbetechniker im Allg\u00e4u \/ Kempten\" \/>\n\n\t\t\t\n\t\t\t<div class=\"elementor-form-fields-wrapper elementor-labels-above\">\n\t\t\t\t\t\t\t\t<div class=\"elementor-field-type-text elementor-field-group elementor-column elementor-field-group-name elementor-col-100\">\n\t\t\t\t\t\t\t\t\t\t\t\t<label for=\"form-field-name\" class=\"elementor-field-label\">\n\t\t\t\t\t\t\t\tName\t\t\t\t\t\t\t<\/label>\n\t\t\t\t\t\t\t\t\t\t\t\t\t\t<input size=\"1\" type=\"text\" name=\"form_fields[name]\" id=\"form-field-name\" class=\"elementor-field elementor-size-sm  elementor-field-textual\" placeholder=\"Name\">\n\t\t\t\t\t\t\t\t\t\t\t<\/div>\n\t\t\t\t\t\t\t\t<div class=\"elementor-field-type-email elementor-field-group elementor-column elementor-field-group-email elementor-col-100 elementor-field-required\">\n\t\t\t\t\t\t\t\t\t\t\t\t<label for=\"form-field-email\" class=\"elementor-field-label\">\n\t\t\t\t\t\t\t\tEmail\t\t\t\t\t\t\t<\/label>\n\t\t\t\t\t\t\t\t\t\t\t\t\t\t<input size=\"1\" type=\"email\" name=\"form_fields[email]\" id=\"form-field-email\" class=\"elementor-field elementor-size-sm  elementor-field-textual\" placeholder=\"Email\" required=\"required\" aria-required=\"true\">\n\t\t\t\t\t\t\t\t\t\t\t<\/div>\n\t\t\t\t\t\t\t\t<div class=\"elementor-field-type-textarea elementor-field-group elementor-column elementor-field-group-message elementor-col-100\">\n\t\t\t\t\t\t\t\t\t\t\t\t<label for=\"form-field-message\" class=\"elementor-field-label\">\n\t\t\t\t\t\t\t\tNachricht\t\t\t\t\t\t\t<\/label>\n\t\t\t\t\t\t<textarea class=\"elementor-field-textual elementor-field  elementor-size-sm\" name=\"form_fields[message]\" id=\"form-field-message\" rows=\"4\" placeholder=\"Nachricht\"><\/textarea>\t\t\t\t<\/div>\n\t\t\t\t\t\t\t\t<div class=\"elementor-field-type-recaptcha_v3 elementor-field-group elementor-column elementor-field-group-field_8846c24 elementor-col-100 recaptcha_v3-inline\">\n\t\t\t\t\t<div class=\"elementor-field\" id=\"form-field-field_8846c24\"><div class=\"elementor-g-recaptcha\" data-sitekey=\"6LfVvOUlAAAAAFqWo1khPcfxROYTybMqv2xMZt1Q\" data-type=\"v3\" data-action=\"Form\" data-badge=\"inline\" data-size=\"invisible\"><\/div><\/div>\t\t\t\t<\/div>\n\t\t\t\t\t\t\t\t<div class=\"elementor-field-group elementor-column elementor-field-type-submit elementor-col-100 e-form__buttons\">\n\t\t\t\t\t<button type=\"submit\" class=\"elementor-button elementor-size-sm\">\n\t\t\t\t\t\t<span >\n\t\t\t\t\t\t\t\t\t\t\t\t\t\t\t<span class=\" elementor-button-icon\">\n\t\t\t\t\t\t\t\t\t\t\t\t\t\t\t\t\t\t\t\t\t\t\t\t\t\t<\/span>\n\t\t\t\t\t\t\t\t\t\t\t\t\t\t\t\t\t\t\t\t\t\t<span class=\"elementor-button-text\">Absenden<\/span>\n\t\t\t\t\t\t\t\t\t\t\t\t\t<\/span>\n\t\t\t\t\t<\/button>\n\t\t\t\t<\/div>\n\t\t\t<\/div>\n\t\t<\/form>\n\t\t\t\t<\/div>\n\t\t\t\t<\/div>\n\t\t\t\t\t\t<\/div>\n\t\t\t\t\t<\/div>\n\t\t<\/div>\n\t\t\t\t<div class=\"elementor-column elementor-col-50 elementor-top-column elementor-element elementor-element-42d3810\" data-id=\"42d3810\" data-element_type=\"column\">\n\t\t\t<div class=\"elementor-column-wrap elementor-element-populated\">\n\t\t\t\t\t\t\t<div class=\"elementor-widget-wrap\">\n\t\t\t\t\t\t<div class=\"elementor-element elementor-element-ee21c77 elementor-widget elementor-widget-text-editor\" data-id=\"ee21c77\" data-element_type=\"widget\" data-widget_type=\"text-editor.default\">\n\t\t\t\t<div class=\"elementor-widget-container\">\n\t\t\t\t\t\t\t\t<div class=\"elementor-text-editor elementor-clearfix\">\n\t\t\t\t<div id=\"contact\" class=\"section page-split post-150 page type-page status-publish hentry\"><div class=\"section-wrapper block content-1170 center-relative\"><div class=\"section-content-holder float-right\"><div class=\"content-wrapper\"><div class=\"one_half \"><strong>medienschmiede GmbH<\/strong><br \/>Am Buchweg 2<br \/>87452 Altusried<\/div><div class=\"one_half last \">Tel.+49(0)8374\/49893-0<br \/>Fax+49(0)874\/49893-99<br \/>Email: info@medienschmiede.eu<\/div><div class=\"clear\">\u00a0<\/div><\/div><\/div><div class=\"clear\">\u00a0<\/div><\/div><\/div><div id=\"karte\" class=\"section no-padding full-width post-477 page type-page status-publish hentry\"><div class=\"section-wrapper block content-1170 center-relative\"><div class=\"content-wrapper\">\u00a0<\/div><\/div><\/div>\t\t\t\t\t<\/div>\n\t\t\t\t\t\t<\/div>\n\t\t\t\t<\/div>\n\t\t\t\t\t\t<\/div>\n\t\t\t\t\t<\/div>\n\t\t<\/div>\n\t\t\t\t\t\t\t\t<\/div>\n\t\t\t\t\t<\/div>\n\t\t<\/section>\n\t\t\t\t<section class=\"elementor-section elementor-top-section elementor-element elementor-element-1cee51b elementor-section-full_width elementor-section-height-default elementor-section-height-default\" data-id=\"1cee51b\" data-element_type=\"section\">\n\t\t\t\t\t\t<div class=\"elementor-container elementor-column-gap-default\">\n\t\t\t\t\t\t\t<div class=\"elementor-row\">\n\t\t\t\t\t<div class=\"elementor-column elementor-col-100 elementor-top-column elementor-element elementor-element-ad90bee\" data-id=\"ad90bee\" data-element_type=\"column\">\n\t\t\t<div class=\"elementor-column-wrap elementor-element-populated\">\n\t\t\t\t\t\t\t<div class=\"elementor-widget-wrap\">\n\t\t\t\t\t\t<div class=\"elementor-element elementor-element-1e26ba4 elementor-widget elementor-widget-google_maps\" data-id=\"1e26ba4\" data-element_type=\"widget\" data-widget_type=\"google_maps.default\">\n\t\t\t\t<div class=\"elementor-widget-container\">\n\t\t\t\t\t<div class=\"elementor-custom-embed\">\n\t\t\t<iframe loading=\"lazy\"\n\t\t\t\t\tsrc=\"https:\/\/maps.google.com\/maps?q=Am%20Buchweg%202%2C%2087452%20Altusried&#038;t=m&#038;z=10&#038;output=embed&#038;iwloc=near\"\n\t\t\t\t\ttitle=\"Am Buchweg 2, 87452 Altusried\"\n\t\t\t\t\taria-label=\"Am Buchweg 2, 87452 Altusried\"\n\t\t\t><\/iframe>\n\t\t<\/div>\n\t\t\t\t<\/div>\n\t\t\t\t<\/div>\n\t\t\t\t\t\t<\/div>\n\t\t\t\t\t<\/div>\n\t\t<\/div>\n\t\t\t\t\t\t\t\t<\/div>\n\t\t\t\t\t<\/div>\n\t\t<\/section>\n\t\t\t\t<section class=\"elementor-section elementor-top-section elementor-element elementor-element-1527acd elementor-section-content-middle elementor-section-boxed elementor-section-height-default elementor-section-height-default\" data-id=\"1527acd\" data-element_type=\"section\">\n\t\t\t\t\t\t<div class=\"elementor-container elementor-column-gap-no\">\n\t\t\t\t\t\t\t<div class=\"elementor-row\">\n\t\t\t\t\t<div class=\"elementor-column elementor-col-100 elementor-top-column elementor-element elementor-element-5ce838a\" data-id=\"5ce838a\" data-element_type=\"column\">\n\t\t\t<div class=\"elementor-column-wrap\">\n\t\t\t\t\t\t\t<div class=\"elementor-widget-wrap\">\n\t\t\t\t\t\t\t\t<\/div>\n\t\t\t\t\t<\/div>\n\t\t<\/div>\n\t\t\t\t\t\t\t\t<\/div>\n\t\t\t\t\t<\/div>\n\t\t<\/section>\n\t\t\t\t\t\t\t\t\t<\/div>\n\t\t\t<\/div>\n\t\t\t\t\t<\/div>\n\t\t","protected":false},"excerpt":{"rendered":"<p>wir freuen uns auf Sie. Sie haben ein Projekt? Wir unterst\u00fctzen Sie gerne dabei. Wir bieten hier das komplette Leistungsspektrum an. Von einfachen Fahrzeugbeschriftungen bis hin zur Vollverklebung, sind Sie bei uns bestens aufgehoben.Au\u00dferdem erstellen wir mit einem hochwertigen Maschinenpark Schilder im UV-Direktdruck, herk\u00f6mmlich mit Klebefolie, komplette Werbeanlagen und Leuchtbuchstaben sowie CNC-Fr\u00e4sungen aller Art. medienschmiede [&hellip;]<\/p>\n","protected":false},"author":1,"featured_media":0,"parent":0,"menu_order":0,"comment_status":"closed","ping_status":"closed","template":"elementor_header_footer","meta":{"footnotes":""},"class_list":["post-818","page","type-page","status-publish","hentry","entry"],"yoast_head":"<!-- This site is optimized with the Yoast SEO plugin v20.0 - https:\/\/yoast.com\/wordpress\/plugins\/seo\/ -->\n<title>Kontakt - medienschmiede GmbH - Ihr Werbetechniker im Allg\u00e4u \/ Kempten<\/title>\n<meta name=\"robots\" content=\"index, follow, max-snippet:-1, max-image-preview:large, max-video-preview:-1\" \/>\n<link rel=\"canonical\" href=\"https:\/\/medienschmiede.eu\/index.php\/kontakt\/\" \/>\n<meta property=\"og:locale\" content=\"de_DE\" \/>\n<meta property=\"og:type\" content=\"article\" \/>\n<meta property=\"og:title\" content=\"Kontakt - medienschmiede GmbH - Ihr Werbetechniker im Allg\u00e4u \/ Kempten\" \/>\n<meta property=\"og:description\" content=\"wir freuen uns auf Sie. Sie haben ein Projekt? Wir unterst\u00fctzen Sie gerne dabei. Wir bieten hier das komplette Leistungsspektrum an. Von einfachen Fahrzeugbeschriftungen bis hin zur Vollverklebung, sind Sie bei uns bestens aufgehoben.Au\u00dferdem erstellen wir mit einem hochwertigen Maschinenpark Schilder im UV-Direktdruck, herk\u00f6mmlich mit Klebefolie, komplette Werbeanlagen und Leuchtbuchstaben sowie CNC-Fr\u00e4sungen aller Art. medienschmiede [&hellip;]\" \/>\n<meta property=\"og:url\" content=\"https:\/\/medienschmiede.eu\/index.php\/kontakt\/\" \/>\n<meta property=\"og:site_name\" content=\"medienschmiede GmbH - Ihr Werbetechniker im Allg\u00e4u \/ Kempten\" \/>\n<meta property=\"article:modified_time\" content=\"2023-05-05T18:07:09+00:00\" \/>\n<meta name=\"twitter:card\" content=\"summary_large_image\" \/>\n<meta name=\"twitter:label1\" content=\"Gesch\u00e4tzte Lesezeit\" \/>\n\t<meta name=\"twitter:data1\" content=\"1\u00a0Minute\" \/>\n<script type=\"application\/ld+json\" class=\"yoast-schema-graph\">{\"@context\":\"https:\/\/schema.org\",\"@graph\":[{\"@type\":\"WebPage\",\"@id\":\"https:\/\/medienschmiede.eu\/index.php\/kontakt\/\",\"url\":\"https:\/\/medienschmiede.eu\/index.php\/kontakt\/\",\"name\":\"Kontakt - medienschmiede GmbH - Ihr Werbetechniker im Allg\u00e4u \/ Kempten\",\"isPartOf\":{\"@id\":\"https:\/\/medienschmiede.eu\/#website\"},\"datePublished\":\"2021-01-26T15:36:20+00:00\",\"dateModified\":\"2023-05-05T18:07:09+00:00\",\"breadcrumb\":{\"@id\":\"https:\/\/medienschmiede.eu\/index.php\/kontakt\/#breadcrumb\"},\"inLanguage\":\"de\",\"potentialAction\":[{\"@type\":\"ReadAction\",\"target\":[\"https:\/\/medienschmiede.eu\/index.php\/kontakt\/\"]}]},{\"@type\":\"BreadcrumbList\",\"@id\":\"https:\/\/medienschmiede.eu\/index.php\/kontakt\/#breadcrumb\",\"itemListElement\":[{\"@type\":\"ListItem\",\"position\":1,\"name\":\"Startseite\",\"item\":\"https:\/\/medienschmiede.eu\/\"},{\"@type\":\"ListItem\",\"position\":2,\"name\":\"Kontakt\"}]},{\"@type\":\"WebSite\",\"@id\":\"https:\/\/medienschmiede.eu\/#website\",\"url\":\"https:\/\/medienschmiede.eu\/\",\"name\":\"medienschmiede GmbH - Ihr Werbetechniker im Allg\u00e4u \/ Kempten\",\"description\":\"\",\"potentialAction\":[{\"@type\":\"SearchAction\",\"target\":{\"@type\":\"EntryPoint\",\"urlTemplate\":\"https:\/\/medienschmiede.eu\/?s={search_term_string}\"},\"query-input\":\"required name=search_term_string\"}],\"inLanguage\":\"de\"}]}<\/script>\n<!-- \/ Yoast SEO plugin. -->","yoast_head_json":{"title":"Kontakt - medienschmiede GmbH - Ihr Werbetechniker im Allg\u00e4u \/ Kempten","robots":{"index":"index","follow":"follow","max-snippet":"max-snippet:-1","max-image-preview":"max-image-preview:large","max-video-preview":"max-video-preview:-1"},"canonical":"https:\/\/medienschmiede.eu\/index.php\/kontakt\/","og_locale":"de_DE","og_type":"article","og_title":"Kontakt - medienschmiede GmbH - Ihr Werbetechniker im Allg\u00e4u \/ Kempten","og_description":"wir freuen uns auf Sie. Sie haben ein Projekt? Wir unterst\u00fctzen Sie gerne dabei. Wir bieten hier das komplette Leistungsspektrum an. Von einfachen Fahrzeugbeschriftungen bis hin zur Vollverklebung, sind Sie bei uns bestens aufgehoben.Au\u00dferdem erstellen wir mit einem hochwertigen Maschinenpark Schilder im UV-Direktdruck, herk\u00f6mmlich mit Klebefolie, komplette Werbeanlagen und Leuchtbuchstaben sowie CNC-Fr\u00e4sungen aller Art. medienschmiede [&hellip;]","og_url":"https:\/\/medienschmiede.eu\/index.php\/kontakt\/","og_site_name":"medienschmiede GmbH - Ihr Werbetechniker im Allg\u00e4u \/ Kempten","article_modified_time":"2023-05-05T18:07:09+00:00","twitter_card":"summary_large_image","twitter_misc":{"Gesch\u00e4tzte Lesezeit":"1\u00a0Minute"},"schema":{"@context":"https:\/\/schema.org","@graph":[{"@type":"WebPage","@id":"https:\/\/medienschmiede.eu\/index.php\/kontakt\/","url":"https:\/\/medienschmiede.eu\/index.php\/kontakt\/","name":"Kontakt - medienschmiede GmbH - Ihr Werbetechniker im Allg\u00e4u \/ Kempten","isPartOf":{"@id":"https:\/\/medienschmiede.eu\/#website"},"datePublished":"2021-01-26T15:36:20+00:00","dateModified":"2023-05-05T18:07:09+00:00","breadcrumb":{"@id":"https:\/\/medienschmiede.eu\/index.php\/kontakt\/#breadcrumb"},"inLanguage":"de","potentialAction":[{"@type":"ReadAction","target":["https:\/\/medienschmiede.eu\/index.php\/kontakt\/"]}]},{"@type":"BreadcrumbList","@id":"https:\/\/medienschmiede.eu\/index.php\/kontakt\/#breadcrumb","itemListElement":[{"@type":"ListItem","position":1,"name":"Startseite","item":"https:\/\/medienschmiede.eu\/"},{"@type":"ListItem","position":2,"name":"Kontakt"}]},{"@type":"WebSite","@id":"https:\/\/medienschmiede.eu\/#website","url":"https:\/\/medienschmiede.eu\/","name":"medienschmiede GmbH - Ihr Werbetechniker im Allg\u00e4u \/ Kempten","description":"","potentialAction":[{"@type":"SearchAction","target":{"@type":"EntryPoint","urlTemplate":"https:\/\/medienschmiede.eu\/?s={search_term_string}"},"query-input":"required name=search_term_string"}],"inLanguage":"de"}]}},"_links":{"self":[{"href":"https:\/\/medienschmiede.eu\/index.php\/wp-json\/wp\/v2\/pages\/818","targetHints":{"allow":["GET"]}}],"collection":[{"href":"https:\/\/medienschmiede.eu\/index.php\/wp-json\/wp\/v2\/pages"}],"about":[{"href":"https:\/\/medienschmiede.eu\/index.php\/wp-json\/wp\/v2\/types\/page"}],"author":[{"embeddable":true,"href":"https:\/\/medienschmiede.eu\/index.php\/wp-json\/wp\/v2\/users\/1"}],"replies":[{"embeddable":true,"href":"https:\/\/medienschmiede.eu\/index.php\/wp-json\/wp\/v2\/comments?post=818"}],"version-history":[{"count":27,"href":"https:\/\/medienschmiede.eu\/index.php\/wp-json\/wp\/v2\/pages\/818\/revisions"}],"predecessor-version":[{"id":2304,"href":"https:\/\/medienschmiede.eu\/index.php\/wp-json\/wp\/v2\/pages\/818\/revisions\/2304"}],"wp:attachment":[{"href":"https:\/\/medienschmiede.eu\/index.php\/wp-json\/wp\/v2\/media?parent=818"}],"curies":[{"name":"wp","href":"https:\/\/api.w.org\/{rel}","templated":true}]}}