{"id":1693,"date":"2021-06-17T17:06:21","date_gmt":"2021-06-17T15:06:21","guid":{"rendered":"http:\/\/wp.medienschmiede.eu\/?page_id=1693"},"modified":"2021-12-23T09:26:24","modified_gmt":"2021-12-23T08:26:24","slug":"impressum","status":"publish","type":"page","link":"https:\/\/medienschmiede.eu\/index.php\/impressum\/","title":{"rendered":"Impressum"},"content":{"rendered":"\t\t<div data-elementor-type=\"wp-page\" data-elementor-id=\"1693\" class=\"elementor elementor-1693\">\n\t\t\t\t\t\t<div class=\"elementor-inner\">\n\t\t\t\t<div class=\"elementor-section-wrap\">\n\t\t\t\t\t\t\t\t\t<section class=\"elementor-section elementor-top-section elementor-element elementor-element-564c5bbd elementor-section-full_width elementor-section-items-top elementor-section-content-middle elementor-section-height-min-height elementor-section-height-default\" data-id=\"564c5bbd\" data-element_type=\"section\" data-settings=\"{&quot;background_background&quot;:&quot;classic&quot;,&quot;shape_divider_top&quot;:&quot;triangle-asymmetrical&quot;,&quot;shape_divider_bottom&quot;:&quot;triangle-asymmetrical&quot;}\">\n\t\t\t\t\t\t\t<div class=\"elementor-background-overlay\"><\/div>\n\t\t\t\t\t\t<div class=\"elementor-shape elementor-shape-top\" data-negative=\"false\">\n\t\t\t<svg xmlns=\"http:\/\/www.w3.org\/2000\/svg\" viewBox=\"0 0 1000 100\" preserveAspectRatio=\"none\">\n\t<path class=\"elementor-shape-fill\" d=\"M738,99l262-93V0H0v5.6L738,99z\"\/>\n<\/svg>\t\t<\/div>\n\t\t\t\t<div class=\"elementor-shape elementor-shape-bottom\" data-negative=\"false\">\n\t\t\t<svg xmlns=\"http:\/\/www.w3.org\/2000\/svg\" viewBox=\"0 0 1000 100\" preserveAspectRatio=\"none\">\n\t<path class=\"elementor-shape-fill\" d=\"M738,99l262-93V0H0v5.6L738,99z\"\/>\n<\/svg>\t\t<\/div>\n\t\t\t\t\t<div class=\"elementor-container elementor-column-gap-default\">\n\t\t\t\t\t\t\t<div class=\"elementor-row\">\n\t\t\t\t\t<div class=\"elementor-column elementor-col-100 elementor-top-column elementor-element elementor-element-3722d6d2\" data-id=\"3722d6d2\" data-element_type=\"column\">\n\t\t\t<div class=\"elementor-column-wrap\">\n\t\t\t\t\t\t\t<div class=\"elementor-widget-wrap\">\n\t\t\t\t\t\t\t\t<\/div>\n\t\t\t\t\t<\/div>\n\t\t<\/div>\n\t\t\t\t\t\t\t\t<\/div>\n\t\t\t\t\t<\/div>\n\t\t<\/section>\n\t\t\t\t<section class=\"elementor-section elementor-top-section elementor-element elementor-element-51051fb elementor-section-boxed elementor-section-height-default elementor-section-height-default\" data-id=\"51051fb\" data-element_type=\"section\">\n\t\t\t\t\t\t<div class=\"elementor-container elementor-column-gap-default\">\n\t\t\t\t\t\t\t<div class=\"elementor-row\">\n\t\t\t\t\t<div class=\"elementor-column elementor-col-100 elementor-top-column elementor-element elementor-element-e346fe5\" data-id=\"e346fe5\" data-element_type=\"column\">\n\t\t\t<div class=\"elementor-column-wrap elementor-element-populated\">\n\t\t\t\t\t\t\t<div class=\"elementor-widget-wrap\">\n\t\t\t\t\t\t<div class=\"elementor-element elementor-element-cba4c4f elementor-widget elementor-widget-text-editor\" data-id=\"cba4c4f\" data-element_type=\"widget\" data-widget_type=\"text-editor.default\">\n\t\t\t\t<div class=\"elementor-widget-container\">\n\t\t\t\t\t\t\t\t<div class=\"elementor-text-editor elementor-clearfix\">\n\t\t\t\t<div id=\"skills\" class=\"section page-split post-47 page type-page status-publish hentry\"><div class=\"section-wrapper block content-1170 center-relative\"><div class=\"section-content-holder float-right\"><div class=\"content-wrapper\"><h1 class=\"info-text\">impressum<\/h1><\/div><\/div><\/div><\/div>\t\t\t\t\t<\/div>\n\t\t\t\t\t\t<\/div>\n\t\t\t\t<\/div>\n\t\t\t\t\t\t<\/div>\n\t\t\t\t\t<\/div>\n\t\t<\/div>\n\t\t\t\t\t\t\t\t<\/div>\n\t\t\t\t\t<\/div>\n\t\t<\/section>\n\t\t\t\t<section class=\"elementor-section elementor-top-section elementor-element elementor-element-6f09921 elementor-section-boxed elementor-section-height-default elementor-section-height-default\" data-id=\"6f09921\" data-element_type=\"section\">\n\t\t\t\t\t\t<div class=\"elementor-container elementor-column-gap-default\">\n\t\t\t\t\t\t\t<div class=\"elementor-row\">\n\t\t\t\t\t<div class=\"elementor-column elementor-col-100 elementor-top-column elementor-element elementor-element-5ea5de9\" data-id=\"5ea5de9\" data-element_type=\"column\">\n\t\t\t<div class=\"elementor-column-wrap elementor-element-populated\">\n\t\t\t\t\t\t\t<div class=\"elementor-widget-wrap\">\n\t\t\t\t\t\t<div class=\"elementor-element elementor-element-4fc2d7a elementor-widget elementor-widget-text-editor\" data-id=\"4fc2d7a\" data-element_type=\"widget\" data-widget_type=\"text-editor.default\">\n\t\t\t\t<div class=\"elementor-widget-container\">\n\t\t\t\t\t\t\t\t<div class=\"elementor-text-editor elementor-clearfix\">\n\t\t\t\t<div id=\"content\" class=\"site-content\"><div class=\"section full-width post-464 page type-page status-publish hentry\"><div class=\"section-wrapper block content-1170 center-relative\"><div class=\"content-wrapper\"><p>Impressum nach Teledienstgesetz (TDG) und rechtlicher Hinweis\u00a0<br \/>Auftraggeber und Urheber f\u00fcr Texte und Inhalt:<\/p><p>medienschmiede GmbH<br \/>Am Buchweg 2<br \/>87452 Altusried\/Allg\u00e4u<br \/>Tel:+49(0)8374\/49893-0<br \/>Fax:+49(0)8374\/49893-99<br \/><a href=\"mailto:info@medienschmiede.eu\">info@medienschmiede.eu<\/a><\/p><p>Gericht Kempten: HRB 11438<\/p><p>Steuernr.: 127\/132\/20718<br \/>Gesch\u00e4ftsf\u00fchrer: Peter Merk, Klaus-Peter Brack<\/p><p>Inhaltlich Verantwortlicher gem\u00e4\u00df \u00a7 10 Absatz 3 MDStV: Klaus-Peter Brack<\/p><p>Haftungshinweis:Trotz sorgf\u00e4ltiger inhaltlicher Kontrolle \u00fcbernehmen wir keine Haftung f\u00fcr die Inhalte externer Links. F\u00fcr den Inhalt der verlinkten Seiten sind ausschlie\u00dflich deren Betreiber verantwortlich.<\/p><\/div><div class=\"clear\">\u00a0<\/div><\/div><\/div><div id=\"comments\" class=\"comments-holder\"><div class=\"clear\">\u00a0<\/div><\/div><\/div><footer class=\"footer\"><div class=\"footer-content center-relative\">\u00a0<\/div><\/footer>\t\t\t\t\t<\/div>\n\t\t\t\t\t\t<\/div>\n\t\t\t\t<\/div>\n\t\t\t\t\t\t<\/div>\n\t\t\t\t\t<\/div>\n\t\t<\/div>\n\t\t\t\t\t\t\t\t<\/div>\n\t\t\t\t\t<\/div>\n\t\t<\/section>\n\t\t\t\t\t\t\t\t\t<\/div>\n\t\t\t<\/div>\n\t\t\t\t\t<\/div>\n\t\t","protected":false},"excerpt":{"rendered":"<p>impressum Impressum nach Teledienstgesetz (TDG) und rechtlicher Hinweis\u00a0Auftraggeber und Urheber f\u00fcr Texte und Inhalt: medienschmiede GmbHAm Buchweg 287452 Altusried\/Allg\u00e4uTel:+49(0)8374\/49893-0Fax:+49(0)8374\/49893-99info@medienschmiede.eu Gericht Kempten: HRB 11438 Steuernr.: 127\/132\/20718Gesch\u00e4ftsf\u00fchrer: Peter Merk, Klaus-Peter Brack Inhaltlich Verantwortlicher gem\u00e4\u00df \u00a7 10 Absatz 3 MDStV: Klaus-Peter Brack Haftungshinweis:Trotz sorgf\u00e4ltiger inhaltlicher Kontrolle \u00fcbernehmen wir keine Haftung f\u00fcr die Inhalte externer Links. F\u00fcr den Inhalt [&hellip;]<\/p>\n","protected":false},"author":1,"featured_media":0,"parent":0,"menu_order":0,"comment_status":"closed","ping_status":"closed","template":"elementor_header_footer","meta":{"footnotes":""},"class_list":["post-1693","page","type-page","status-publish","hentry","entry"],"yoast_head":"<!-- This site is optimized with the Yoast SEO plugin v20.0 - https:\/\/yoast.com\/wordpress\/plugins\/seo\/ -->\n<title>Impressum - medienschmiede GmbH - Ihr Werbetechniker im Allg\u00e4u \/ Kempten<\/title>\n<meta name=\"robots\" content=\"index, follow, max-snippet:-1, max-image-preview:large, max-video-preview:-1\" \/>\n<link rel=\"canonical\" href=\"https:\/\/medienschmiede.eu\/index.php\/impressum\/\" \/>\n<meta property=\"og:locale\" content=\"de_DE\" \/>\n<meta property=\"og:type\" content=\"article\" \/>\n<meta property=\"og:title\" content=\"Impressum - medienschmiede GmbH - Ihr Werbetechniker im Allg\u00e4u \/ Kempten\" \/>\n<meta property=\"og:description\" content=\"impressum Impressum nach Teledienstgesetz (TDG) und rechtlicher Hinweis\u00a0Auftraggeber und Urheber f\u00fcr Texte und Inhalt: medienschmiede GmbHAm Buchweg 287452 Altusried\/Allg\u00e4uTel:+49(0)8374\/49893-0Fax:+49(0)8374\/49893-99info@medienschmiede.eu Gericht Kempten: HRB 11438 Steuernr.: 127\/132\/20718Gesch\u00e4ftsf\u00fchrer: Peter Merk, Klaus-Peter Brack Inhaltlich Verantwortlicher gem\u00e4\u00df \u00a7 10 Absatz 3 MDStV: Klaus-Peter Brack Haftungshinweis:Trotz sorgf\u00e4ltiger inhaltlicher Kontrolle \u00fcbernehmen wir keine Haftung f\u00fcr die Inhalte externer Links. F\u00fcr den Inhalt [&hellip;]\" \/>\n<meta property=\"og:url\" content=\"https:\/\/medienschmiede.eu\/index.php\/impressum\/\" \/>\n<meta property=\"og:site_name\" content=\"medienschmiede GmbH - Ihr Werbetechniker im Allg\u00e4u \/ Kempten\" \/>\n<meta property=\"article:modified_time\" content=\"2021-12-23T08:26:24+00:00\" \/>\n<meta name=\"twitter:card\" content=\"summary_large_image\" \/>\n<meta name=\"twitter:label1\" content=\"Gesch\u00e4tzte Lesezeit\" \/>\n\t<meta name=\"twitter:data1\" content=\"1\u00a0Minute\" \/>\n<script type=\"application\/ld+json\" class=\"yoast-schema-graph\">{\"@context\":\"https:\/\/schema.org\",\"@graph\":[{\"@type\":\"WebPage\",\"@id\":\"https:\/\/medienschmiede.eu\/index.php\/impressum\/\",\"url\":\"https:\/\/medienschmiede.eu\/index.php\/impressum\/\",\"name\":\"Impressum - medienschmiede GmbH - Ihr Werbetechniker im Allg\u00e4u \/ Kempten\",\"isPartOf\":{\"@id\":\"https:\/\/medienschmiede.eu\/#website\"},\"datePublished\":\"2021-06-17T15:06:21+00:00\",\"dateModified\":\"2021-12-23T08:26:24+00:00\",\"breadcrumb\":{\"@id\":\"https:\/\/medienschmiede.eu\/index.php\/impressum\/#breadcrumb\"},\"inLanguage\":\"de\",\"potentialAction\":[{\"@type\":\"ReadAction\",\"target\":[\"https:\/\/medienschmiede.eu\/index.php\/impressum\/\"]}]},{\"@type\":\"BreadcrumbList\",\"@id\":\"https:\/\/medienschmiede.eu\/index.php\/impressum\/#breadcrumb\",\"itemListElement\":[{\"@type\":\"ListItem\",\"position\":1,\"name\":\"Startseite\",\"item\":\"https:\/\/medienschmiede.eu\/\"},{\"@type\":\"ListItem\",\"position\":2,\"name\":\"Impressum\"}]},{\"@type\":\"WebSite\",\"@id\":\"https:\/\/medienschmiede.eu\/#website\",\"url\":\"https:\/\/medienschmiede.eu\/\",\"name\":\"medienschmiede GmbH - Ihr Werbetechniker im Allg\u00e4u \/ Kempten\",\"description\":\"\",\"potentialAction\":[{\"@type\":\"SearchAction\",\"target\":{\"@type\":\"EntryPoint\",\"urlTemplate\":\"https:\/\/medienschmiede.eu\/?s={search_term_string}\"},\"query-input\":\"required name=search_term_string\"}],\"inLanguage\":\"de\"}]}<\/script>\n<!-- \/ Yoast SEO plugin. -->","yoast_head_json":{"title":"Impressum - medienschmiede GmbH - Ihr Werbetechniker im Allg\u00e4u \/ Kempten","robots":{"index":"index","follow":"follow","max-snippet":"max-snippet:-1","max-image-preview":"max-image-preview:large","max-video-preview":"max-video-preview:-1"},"canonical":"https:\/\/medienschmiede.eu\/index.php\/impressum\/","og_locale":"de_DE","og_type":"article","og_title":"Impressum - medienschmiede GmbH - Ihr Werbetechniker im Allg\u00e4u \/ Kempten","og_description":"impressum Impressum nach Teledienstgesetz (TDG) und rechtlicher Hinweis\u00a0Auftraggeber und Urheber f\u00fcr Texte und Inhalt: medienschmiede GmbHAm Buchweg 287452 Altusried\/Allg\u00e4uTel:+49(0)8374\/49893-0Fax:+49(0)8374\/49893-99info@medienschmiede.eu Gericht Kempten: HRB 11438 Steuernr.: 127\/132\/20718Gesch\u00e4ftsf\u00fchrer: Peter Merk, Klaus-Peter Brack Inhaltlich Verantwortlicher gem\u00e4\u00df \u00a7 10 Absatz 3 MDStV: Klaus-Peter Brack Haftungshinweis:Trotz sorgf\u00e4ltiger inhaltlicher Kontrolle \u00fcbernehmen wir keine Haftung f\u00fcr die Inhalte externer Links. F\u00fcr den Inhalt [&hellip;]","og_url":"https:\/\/medienschmiede.eu\/index.php\/impressum\/","og_site_name":"medienschmiede GmbH - Ihr Werbetechniker im Allg\u00e4u \/ Kempten","article_modified_time":"2021-12-23T08:26:24+00:00","twitter_card":"summary_large_image","twitter_misc":{"Gesch\u00e4tzte Lesezeit":"1\u00a0Minute"},"schema":{"@context":"https:\/\/schema.org","@graph":[{"@type":"WebPage","@id":"https:\/\/medienschmiede.eu\/index.php\/impressum\/","url":"https:\/\/medienschmiede.eu\/index.php\/impressum\/","name":"Impressum - medienschmiede GmbH - Ihr Werbetechniker im Allg\u00e4u \/ Kempten","isPartOf":{"@id":"https:\/\/medienschmiede.eu\/#website"},"datePublished":"2021-06-17T15:06:21+00:00","dateModified":"2021-12-23T08:26:24+00:00","breadcrumb":{"@id":"https:\/\/medienschmiede.eu\/index.php\/impressum\/#breadcrumb"},"inLanguage":"de","potentialAction":[{"@type":"ReadAction","target":["https:\/\/medienschmiede.eu\/index.php\/impressum\/"]}]},{"@type":"BreadcrumbList","@id":"https:\/\/medienschmiede.eu\/index.php\/impressum\/#breadcrumb","itemListElement":[{"@type":"ListItem","position":1,"name":"Startseite","item":"https:\/\/medienschmiede.eu\/"},{"@type":"ListItem","position":2,"name":"Impressum"}]},{"@type":"WebSite","@id":"https:\/\/medienschmiede.eu\/#website","url":"https:\/\/medienschmiede.eu\/","name":"medienschmiede GmbH - Ihr Werbetechniker im Allg\u00e4u \/ Kempten","description":"","potentialAction":[{"@type":"SearchAction","target":{"@type":"EntryPoint","urlTemplate":"https:\/\/medienschmiede.eu\/?s={search_term_string}"},"query-input":"required name=search_term_string"}],"inLanguage":"de"}]}},"_links":{"self":[{"href":"https:\/\/medienschmiede.eu\/index.php\/wp-json\/wp\/v2\/pages\/1693","targetHints":{"allow":["GET"]}}],"collection":[{"href":"https:\/\/medienschmiede.eu\/index.php\/wp-json\/wp\/v2\/pages"}],"about":[{"href":"https:\/\/medienschmiede.eu\/index.php\/wp-json\/wp\/v2\/types\/page"}],"author":[{"embeddable":true,"href":"https:\/\/medienschmiede.eu\/index.php\/wp-json\/wp\/v2\/users\/1"}],"replies":[{"embeddable":true,"href":"https:\/\/medienschmiede.eu\/index.php\/wp-json\/wp\/v2\/comments?post=1693"}],"version-history":[{"count":0,"href":"https:\/\/medienschmiede.eu\/index.php\/wp-json\/wp\/v2\/pages\/1693\/revisions"}],"wp:attachment":[{"href":"https:\/\/medienschmiede.eu\/index.php\/wp-json\/wp\/v2\/media?parent=1693"}],"curies":[{"name":"wp","href":"https:\/\/api.w.org\/{rel}","templated":true}]}}